{"id":50,"date":"2014-07-11T13:12:30","date_gmt":"2014-07-11T11:12:30","guid":{"rendered":"http:\/\/heilsbronner-klosterpfeifen.de\/?page_id=50"},"modified":"2014-11-17T19:20:01","modified_gmt":"2014-11-17T17:20:01","slug":"landwirtschaft","status":"publish","type":"page","link":"https:\/\/heilsbronner-klosterpfeifen.de\/?page_id=50","title":{"rendered":"Landwirtschaft"},"content":{"rendered":"<p>Neben verschiedenen Getreidearten bauen wir auf unseren Fl\u00e4chen auch Zuckerr\u00fcben, Mais, Rotklee und verschiedene Zwischenfr\u00fcchte an.<\/p>\n<p>Unser Ziel ist es mit einer m\u00f6glichst abwechslungsreichen Fruchtfolge und dem Anbau von Gesundungsfr\u00fcchten den Einsatz von Pflanzenschutzmitteln und Minerald\u00fcngern sehr niedrig zu halten.<\/p>\n<p>Damit erreichen wir ein\u00a0Optimum an Qualit\u00e4t.<\/p>\n\n\t\t<style type=\"text\/css\">\n\t\t\t#gallery-1 {\n\t\t\t\tmargin: auto;\n\t\t\t}\n\t\t\t#gallery-1 .gallery-item {\n\t\t\t\tfloat: left;\n\t\t\t\tmargin-top: 10px;\n\t\t\t\ttext-align: center;\n\t\t\t\twidth: 33%;\n\t\t\t}\n\t\t\t#gallery-1 img {\n\t\t\t\tborder: 2px solid #cfcfcf;\n\t\t\t}\n\t\t\t#gallery-1 .gallery-caption {\n\t\t\t\tmargin-left: 0;\n\t\t\t}\n\t\t\t\/* see gallery_shortcode() in wp-includes\/media.php *\/\n\t\t<\/style>\n\t\t<div id='gallery-1' class='gallery galleryid-50 gallery-columns-3 gallery-size-thumbnail'><dl class='gallery-item'>\n\t\t\t<dt class='gallery-icon landscape'>\n\t\t\t\t<a href='https:\/\/heilsbronner-klosterpfeifen.de\/?attachment_id=166'><img loading=\"lazy\" decoding=\"async\" width=\"150\" height=\"150\" src=\"https:\/\/heilsbronner-klosterpfeifen.de\/wp-content\/uploads\/2014\/09\/Landwirtschaft-Kopie-150x150.jpg\" class=\"attachment-thumbnail size-thumbnail\" alt=\"\" \/><\/a>\n\t\t\t<\/dt><\/dl><dl class='gallery-item'>\n\t\t\t<dt class='gallery-icon landscape'>\n\t\t\t\t<a href='https:\/\/heilsbronner-klosterpfeifen.de\/?attachment_id=167'><img loading=\"lazy\" decoding=\"async\" width=\"150\" height=\"150\" src=\"https:\/\/heilsbronner-klosterpfeifen.de\/wp-content\/uploads\/2014\/09\/landwirtschaft2-150x150.jpg\" class=\"attachment-thumbnail size-thumbnail\" alt=\"\" \/><\/a>\n\t\t\t<\/dt><\/dl><dl class='gallery-item'>\n\t\t\t<dt class='gallery-icon portrait'>\n\t\t\t\t<a href='https:\/\/heilsbronner-klosterpfeifen.de\/?attachment_id=171'><img loading=\"lazy\" decoding=\"async\" width=\"150\" height=\"150\" src=\"https:\/\/heilsbronner-klosterpfeifen.de\/wp-content\/uploads\/2014\/09\/landwirtschaft9-150x150.jpg\" class=\"attachment-thumbnail size-thumbnail\" alt=\"\" \/><\/a>\n\t\t\t<\/dt><\/dl><br style=\"clear: both\" \/><dl class='gallery-item'>\n\t\t\t<dt class='gallery-icon portrait'>\n\t\t\t\t<a href='https:\/\/heilsbronner-klosterpfeifen.de\/?attachment_id=170'><img loading=\"lazy\" decoding=\"async\" width=\"150\" height=\"150\" src=\"https:\/\/heilsbronner-klosterpfeifen.de\/wp-content\/uploads\/2014\/09\/landwirtschaft6-150x150.jpg\" class=\"attachment-thumbnail size-thumbnail\" alt=\"\" aria-describedby=\"gallery-1-170\" \/><\/a>\n\t\t\t<\/dt>\n\t\t\t\t<dd class='wp-caption-text gallery-caption' id='gallery-1-170'>\n\t\t\t\tErnte\n\t\t\t\t<\/dd><\/dl><dl class='gallery-item'>\n\t\t\t<dt class='gallery-icon landscape'>\n\t\t\t\t<a href='https:\/\/heilsbronner-klosterpfeifen.de\/?attachment_id=168'><img loading=\"lazy\" decoding=\"async\" width=\"150\" height=\"150\" src=\"https:\/\/heilsbronner-klosterpfeifen.de\/wp-content\/uploads\/2014\/09\/landwirtschaft3-150x150.jpg\" class=\"attachment-thumbnail size-thumbnail\" alt=\"\" \/><\/a>\n\t\t\t<\/dt><\/dl><dl class='gallery-item'>\n\t\t\t<dt class='gallery-icon portrait'>\n\t\t\t\t<a href='https:\/\/heilsbronner-klosterpfeifen.de\/?attachment_id=169'><img loading=\"lazy\" decoding=\"async\" width=\"150\" height=\"150\" src=\"https:\/\/heilsbronner-klosterpfeifen.de\/wp-content\/uploads\/2014\/09\/landwirtschaft4-150x150.jpg\" class=\"attachment-thumbnail size-thumbnail\" alt=\"\" \/><\/a>\n\t\t\t<\/dt><\/dl><br style=\"clear: both\" \/>\n\t\t<\/div>\n\n","protected":false},"excerpt":{"rendered":"<p>Neben verschiedenen Getreidearten bauen wir auf unseren Fl\u00e4chen auch Zuckerr\u00fcben, Mais, Rotklee und verschiedene Zwischenfr\u00fcchte an. Unser Ziel ist es mit einer m\u00f6glichst abwechslungsreichen Fruchtfolge und dem Anbau von Gesundungsfr\u00fcchten den Einsatz von Pflanzenschutzmitteln und Minerald\u00fcngern sehr niedrig zu halten. Damit erreichen wir ein\u00a0Optimum an Qualit\u00e4t.<\/p>\n","protected":false},"author":1,"featured_media":0,"parent":38,"menu_order":6,"comment_status":"closed","ping_status":"closed","template":"","meta":{"footnotes":""},"class_list":["post-50","page","type-page","status-publish","hentry"],"aioseo_notices":[],"_links":{"self":[{"href":"https:\/\/heilsbronner-klosterpfeifen.de\/index.php?rest_route=\/wp\/v2\/pages\/50","targetHints":{"allow":["GET"]}}],"collection":[{"href":"https:\/\/heilsbronner-klosterpfeifen.de\/index.php?rest_route=\/wp\/v2\/pages"}],"about":[{"href":"https:\/\/heilsbronner-klosterpfeifen.de\/index.php?rest_route=\/wp\/v2\/types\/page"}],"author":[{"embeddable":true,"href":"https:\/\/heilsbronner-klosterpfeifen.de\/index.php?rest_route=\/wp\/v2\/users\/1"}],"replies":[{"embeddable":true,"href":"https:\/\/heilsbronner-klosterpfeifen.de\/index.php?rest_route=%2Fwp%2Fv2%2Fcomments&post=50"}],"version-history":[{"count":4,"href":"https:\/\/heilsbronner-klosterpfeifen.de\/index.php?rest_route=\/wp\/v2\/pages\/50\/revisions"}],"predecessor-version":[{"id":243,"href":"https:\/\/heilsbronner-klosterpfeifen.de\/index.php?rest_route=\/wp\/v2\/pages\/50\/revisions\/243"}],"up":[{"embeddable":true,"href":"https:\/\/heilsbronner-klosterpfeifen.de\/index.php?rest_route=\/wp\/v2\/pages\/38"}],"wp:attachment":[{"href":"https:\/\/heilsbronner-klosterpfeifen.de\/index.php?rest_route=%2Fwp%2Fv2%2Fmedia&parent=50"}],"curies":[{"name":"wp","href":"https:\/\/api.w.org\/{rel}","templated":true}]}}