{"id":5,"date":"2014-07-10T12:01:02","date_gmt":"2014-07-10T10:01:02","guid":{"rendered":"http:\/\/heilsbronner-klosterpfeifen.de\/?page_id=5"},"modified":"2014-07-11T13:17:15","modified_gmt":"2014-07-11T11:17:15","slug":"datenschutzvereinbarung","status":"publish","type":"page","link":"https:\/\/heilsbronner-klosterpfeifen.de\/?page_id=5","title":{"rendered":"Datenschutzvereinbarung"},"content":{"rendered":"<p style=\"color: #444444;\"><strong>Datenschutz<\/strong><\/p>\n<p style=\"color: #444444;\">Die Nutzung unserer Webseite ist in der Regel ohne Angabe personenbezogener Daten m\u00f6glich. Soweit auf unseren Seiten personenbezogene Daten (beispielsweise Name, Anschrift oder eMail-Adressen) erhoben werden, erfolgt dies, soweit m\u00f6glich, stets auf freiwilliger Basis.<\/p>\n<p style=\"color: #444444;\">Diese Daten werden ohne Ihre ausdr\u00fcckliche Zustimmung\u00a0nicht an Dritte weitergegeben.\u00a0Wir weisen darauf hin, dass die Daten\u00fcbertragung im Internet (z.B. bei derKommunikation per E-Mail) Sicherheitsl\u00fccken aufweisen kann. Einl\u00fcckenloser Schutz der Daten vor dem Zugriff durch Dritte ist nichtm\u00f6glich.\u00a0Der Nutzung von im Rahmen der Impressumspflicht ver\u00f6ffentlichten Kontaktdaten durch Dritte zur \u00dcbersendung von nicht ausdr\u00fccklich angeforderter Werbung und Informationsmaterialien wird hiermit ausdr\u00fccklich widersprochen.<\/p>\n<p style=\"color: #444444;\">Die Betreiber der Seiten behalten sich ausdr\u00fccklich rechtliche Schritte im Falle der unverlangten Zusendung von Werbeinformationen, etwa durch Spam-Mails, vor.\u00a0Datenschutzerkl\u00e4rung f\u00fcr die Nutzung von Facebook-Plugins (Like-Button)<\/p>\n<p style=\"color: #444444;\">Auf unseren Seiten sind Plugins des sozialen Netzwerks Facebook (FacebookInc., 1601 Willow Road, Menlo Park, California, 94025, USA) integriert.Die Facebook-Plugins erkennen Sie an dem Facebook-Logo oder dem\u201cLike-Button\u201d (\u201cGef\u00e4llt mir\u201d) auf unserer Seite. Eine \u00dcbersicht \u00fcber die Facebook-Plugins finden Sie hier:<a style=\"color: #9f9f9f;\" href=\"http:\/\/developers.facebook.com\/docs\/plugins\/\">http:\/\/developers.facebook.com\/docs\/plugins\/.<\/a>\u00a0Wenn Sie unsere Seiten besuchen, wird \u00fcber das Plugin eine direkteVerbindung zwischen Ihrem Browser und dem Facebook-Server hergestellt.Facebook erh\u00e4lt dadurch die Information, dass Sie mit Ihrer IP-Adresseunsere Seite besucht haben. Wenn Sie den Facebook \u201cLike-Button\u201d anklicken w\u00e4hrend Sie in Ihrem Facebook-Account eingeloggt sind, k\u00f6nnen Sie die Inhalte unserer Seiten auf Ihrem Facebook-Profil verlinken.<\/p>\n<p style=\"color: #444444;\">Dadurch kann Facebook den Besuch unserer Seiten Ihrem Benutzerkonto zuordnen. Wirweisen darauf hin, dass wir als Anbieter der Seiten keine Kenntnis vomInhalt der \u00fcbermittelten Daten sowie deren Nutzung durch Facebookerhalten. Weitere Informationen hierzu finden Sie in der Datenschutzerkl\u00e4rung von facebook unter\u00a0<a style=\"color: #9f9f9f;\" href=\"http:\/\/de-de.facebook.com\/policy.php\">http:\/\/de-de.facebook.com\/policy.php<\/a>\u00a0Wenn Sie nicht w\u00fcnschen, dass Facebook den Besuch unserer Seiten Ihrem Facebook-Nutzerkonto zuordnen kann, loggen Sie sich bitte aus Ihrem Facebook-Benutzerkonto aus.\u00a0Quellen: eRecht24 Datenschutzerkl\u00e4rung, Facebook Disclaimer<\/p>\n","protected":false},"excerpt":{"rendered":"<p>Datenschutz Die Nutzung unserer Webseite ist in der Regel ohne Angabe personenbezogener Daten m\u00f6glich. Soweit auf unseren Seiten personenbezogene Daten (beispielsweise Name, Anschrift oder eMail-Adressen) erhoben werden, erfolgt dies, soweit m\u00f6glich, stets auf freiwilliger Basis. Diese Daten werden ohne Ihre ausdr\u00fcckliche Zustimmung\u00a0nicht an Dritte weitergegeben.\u00a0Wir weisen darauf hin, dass die Daten\u00fcbertragung im Internet (z.B. bei [&hellip;]<\/p>\n","protected":false},"author":1,"featured_media":0,"parent":7,"menu_order":0,"comment_status":"closed","ping_status":"closed","template":"","meta":{"footnotes":""},"class_list":["post-5","page","type-page","status-publish","hentry"],"aioseo_notices":[],"_links":{"self":[{"href":"https:\/\/heilsbronner-klosterpfeifen.de\/index.php?rest_route=\/wp\/v2\/pages\/5","targetHints":{"allow":["GET"]}}],"collection":[{"href":"https:\/\/heilsbronner-klosterpfeifen.de\/index.php?rest_route=\/wp\/v2\/pages"}],"about":[{"href":"https:\/\/heilsbronner-klosterpfeifen.de\/index.php?rest_route=\/wp\/v2\/types\/page"}],"author":[{"embeddable":true,"href":"https:\/\/heilsbronner-klosterpfeifen.de\/index.php?rest_route=\/wp\/v2\/users\/1"}],"replies":[{"embeddable":true,"href":"https:\/\/heilsbronner-klosterpfeifen.de\/index.php?rest_route=%2Fwp%2Fv2%2Fcomments&post=5"}],"version-history":[{"count":1,"href":"https:\/\/heilsbronner-klosterpfeifen.de\/index.php?rest_route=\/wp\/v2\/pages\/5\/revisions"}],"predecessor-version":[{"id":6,"href":"https:\/\/heilsbronner-klosterpfeifen.de\/index.php?rest_route=\/wp\/v2\/pages\/5\/revisions\/6"}],"up":[{"embeddable":true,"href":"https:\/\/heilsbronner-klosterpfeifen.de\/index.php?rest_route=\/wp\/v2\/pages\/7"}],"wp:attachment":[{"href":"https:\/\/heilsbronner-klosterpfeifen.de\/index.php?rest_route=%2Fwp%2Fv2%2Fmedia&parent=5"}],"curies":[{"name":"wp","href":"https:\/\/api.w.org\/{rel}","templated":true}]}}