{"id":44,"date":"2014-07-11T13:11:31","date_gmt":"2014-07-11T11:11:31","guid":{"rendered":"http:\/\/heilsbronner-klosterpfeifen.de\/?page_id=44"},"modified":"2025-10-31T10:13:16","modified_gmt":"2025-10-31T08:13:16","slug":"kartoffeln","status":"publish","type":"page","link":"https:\/\/heilsbronner-klosterpfeifen.de\/?page_id=44","title":{"rendered":"Kartoffeln"},"content":{"rendered":"<p>Herbstzeit ist Kartoffelzeit!<\/p>\n<p>Im Hofladen : <strong>Freitag:\u00a0 \u00a0 \u00a08:30 &#8211; 12 Uhr und 14 &#8211; 18 Uhr<\/strong><\/p>\n<p><strong>\u00a0 \u00a0 \u00a0 \u00a0 \u00a0 \u00a0 \u00a0 \u00a0 \u00a0 \u00a0 \u00a0 \u00a0 \u00a0 \u00a0 Samstag:\u00a0 8: 30 &#8211; 12 Uhr<\/strong><\/p>\n<p>Passend zum Spargel finden Sie bei uns auch verschiedene Kartoffelsorten(incl. Bamberger H\u00f6rnla).<\/p>\n<p>Da ist f\u00fcr jeden Geschmack etwas dabei!<\/p>\n<p>Schon immer wurden in unserem Betrieb Kartoffeln angebaut. Diese Tradition setzen wir fort, verschiedene Sorten und Verpackungsgr\u00f6\u00dfen bieten wir das ganze Jahr \u00fcber in unserem Hofladen an.<\/p>\n<p>Aktuelle Sorten: <span style=\"color: #ff0000;\"><strong>Belana festkochend<\/strong><\/span>\u00a0<\/p>\n<p>\u00a0 \u00a0 \u00a0 \u00a0 \u00a0 \u00a0 \u00a0 \u00a0 \u00a0 \u00a0 \u00a0 \u00a0 \u00a0 \u00a0 \u00a0 \u00a0 f\u00fcr Kartoffelsalat, die\u00a0 \u00a0 \u00a0 \u00a0 \u00a0 \u00a0 \u00a0 \u00a0 \u00a0 \u00a0 \u00a0 \u00a0 \u00a0 \u00a0 \u00a0 \u00a0 \u00a0 \u00a0 \u00a0 \u00a0 \u00a0 \u00a0 \u00a0 \u00a0 \u00a0 \u00a0 \u00a0 \u00a0 \u00a0 \u00a0 \u00a0 \u00a0 \u00a0 \u00a0 \u00a0 \u00a0 \u00a0 \u00a0 \u00a0 \u00a0 \u00a0 \u00a0 \u00a0 \u00a0 \u00a0 \u00a0 \u00a0 \u00a0 \u00a0 \u00a0 \u00a0 \u00a0 \u00a0 \u00a0 \u00a0 \u00a0 \u00a0 \u00a0 \u00a0 \u00a0 \u00a0 \u00a0 \u00a0 \u00a0 \u00a0 \u00a0 \u00a0 \u00a0 Gourmetkartoffel<\/p>\n<p>\u00a0 \u00a0 \u00a0 \u00a0 \u00a0 \u00a0 \u00a0 \u00a0 \u00a0 \u00a0 \u00a0 \u00a0 \u00a0 \u00a0 \u00a0 <span style=\"color: #3366ff;\">\u00a0<strong>Krone vorwiegend festkochend<\/strong><\/span><\/p>\n<p><strong>\u00a0 \u00a0 \u00a0 \u00a0 \u00a0 \u00a0 \u00a0 \u00a0 \u00a0 \u00a0 \u00a0 \u00a0 \u00a0 \u00a0 \u00a0 <\/strong>die&#8220;Universalkartoffel&#8220;\u00a0 \u00a0 \u00a0 \u00a0 \u00a0 \u00a0 \u00a0 \u00a0 \u00a0 \u00a0 \u00a0 \u00a0 \u00a0 \u00a0 \u00a0 \u00a0 \u00a0 \u00a0 \u00a0 \u00a0 \u00a0 \u00a0 \u00a0 \u00a0 \u00a0 \u00a0 \u00a0 \u00a0 \u00a0 \u00a0 \u00a0 \u00a0 \u00a0 \u00a0 \u00a0 \u00a0 \u00a0 \u00a0 \u00a0 \u00a0 \u00a0 \u00a0 \u00a0 \u00a0 \u00a0 \u00a0 \u00a0 \u00a0 \u00a0 \u00a0 \u00a0 \u00a0 \u00a0 \u00a0 \u00a0 \u00a0 \u00a0 \u00a0 \u00a0 \u00a0 \u00a0 \u00a0 \u00a0 \u00a0 \u00a0 \u00a0 \u00a0 f\u00fcr alles zu verwenden<\/p>\n<p>\u00a0 \u00a0 \u00a0 \u00a0 \u00a0 \u00a0 \u00a0 \u00a0 \u00a0 \u00a0 \u00a0 \u00a0 \u00a0 \u00a0 \u00a0 <strong>\u00a0<span style=\"color: #339966;\">Lilly mehlig kochend<\/span><\/strong>\u00a0<\/p>\n<p>\u00a0 \u00a0 \u00a0 \u00a0 \u00a0 \u00a0 \u00a0 \u00a0 \u00a0 \u00a0 \u00a0 \u00a0 \u00a0 \u00a0 \u00a0 \u00a0 f\u00fcr Kartoffelbrei und s\u00e4mige\u00a0 \u00a0 \u00a0 \u00a0 \u00a0 \u00a0 \u00a0 \u00a0 \u00a0 \u00a0 \u00a0 \u00a0 \u00a0 \u00a0 \u00a0 \u00a0 \u00a0 \u00a0 \u00a0 \u00a0 \u00a0 \u00a0 \u00a0 \u00a0 \u00a0 \u00a0 \u00a0 \u00a0 \u00a0 \u00a0 \u00a0 \u00a0 \u00a0 \u00a0 \u00a0 \u00a0 \u00a0 \u00a0 \u00a0 \u00a0 \u00a0 \u00a0 \u00a0 \u00a0 \u00a0 \u00a0 \u00a0 \u00a0 \u00a0 \u00a0 \u00a0 \u00a0 \u00a0 \u00a0 \u00a0 \u00a0 \u00a0 \u00a0 \u00a0 \u00a0 \u00a0 \u00a0 \u00a0 \u00a0 \u00a0 \u00a0 \u00a0Suppen, toller Geschmack<\/p>\n<p>Packungsgr\u00f6\u00dfen:<\/p>\n<p>\u00a0 \u00a0 \u00a0 \u00a0 \u00a0 \u00a0 \u00a0 \u00a0 \u00a0 \u00a0 \u00a0 \u00a0 \u00a0 \u00a0 \u00a0 \u00a02,5 kg<\/p>\n<p>\u00a0 \u00a0 \u00a0 \u00a0 \u00a0 \u00a0 \u00a0 \u00a0 \u00a0 \u00a0 \u00a0 \u00a0 \u00a0 \u00a0 \u00a0 \u00a0 \u00a0 5 kg<\/p>\n<p>\u00a0 \u00a0 \u00a0 \u00a0 \u00a0 \u00a0 \u00a0 \u00a0 \u00a0 \u00a0 \u00a0 \u00a0 \u00a0 \u00a0 \u00a0 \u00a0 10 kg<\/p>\n<p>\u00a0 \u00a0 \u00a0 \u00a0 \u00a0 \u00a0 \u00a0 \u00a0 \u00a0 \u00a0 \u00a0 \u00a0 \u00a0 \u00a0 \u00a0 \u00a0 25 kg<\/p>\n<p><a href=\"http:\/\/heilsbronner-klosterpfeifen.de\/wp-content\/uploads\/2014\/09\/Kartoffeln1.jpg\"><img loading=\"lazy\" decoding=\"async\" class=\"aligncenter wp-image-228 size-medium\" src=\"http:\/\/heilsbronner-klosterpfeifen.de\/wp-content\/uploads\/2014\/09\/Kartoffeln1-300x290.jpg\" alt=\"Kartoffeln1\" width=\"300\" height=\"290\" srcset=\"https:\/\/heilsbronner-klosterpfeifen.de\/wp-content\/uploads\/2014\/09\/Kartoffeln1-300x290.jpg 300w, https:\/\/heilsbronner-klosterpfeifen.de\/wp-content\/uploads\/2014\/09\/Kartoffeln1.jpg 1000w\" sizes=\"auto, (max-width: 300px) 100vw, 300px\" \/><\/a><\/p>\n\n\n<p><\/p>\n","protected":false},"excerpt":{"rendered":"<p>Herbstzeit ist Kartoffelzeit! Im Hofladen : Freitag:\u00a0 \u00a0 \u00a08:30 &#8211; 12 Uhr und 14 &#8211; 18 Uhr \u00a0 \u00a0 \u00a0 \u00a0 \u00a0 \u00a0 \u00a0 \u00a0 \u00a0 \u00a0 \u00a0 \u00a0 \u00a0 \u00a0 Samstag:\u00a0 8: 30 &#8211; 12 Uhr Passend zum Spargel finden Sie bei uns auch verschiedene Kartoffelsorten(incl. Bamberger H\u00f6rnla). Da ist f\u00fcr jeden Geschmack etwas [&hellip;]<\/p>\n","protected":false},"author":1,"featured_media":0,"parent":38,"menu_order":3,"comment_status":"closed","ping_status":"closed","template":"","meta":{"footnotes":""},"class_list":["post-44","page","type-page","status-publish","hentry"],"aioseo_notices":[],"_links":{"self":[{"href":"https:\/\/heilsbronner-klosterpfeifen.de\/index.php?rest_route=\/wp\/v2\/pages\/44","targetHints":{"allow":["GET"]}}],"collection":[{"href":"https:\/\/heilsbronner-klosterpfeifen.de\/index.php?rest_route=\/wp\/v2\/pages"}],"about":[{"href":"https:\/\/heilsbronner-klosterpfeifen.de\/index.php?rest_route=\/wp\/v2\/types\/page"}],"author":[{"embeddable":true,"href":"https:\/\/heilsbronner-klosterpfeifen.de\/index.php?rest_route=\/wp\/v2\/users\/1"}],"replies":[{"embeddable":true,"href":"https:\/\/heilsbronner-klosterpfeifen.de\/index.php?rest_route=%2Fwp%2Fv2%2Fcomments&post=44"}],"version-history":[{"count":9,"href":"https:\/\/heilsbronner-klosterpfeifen.de\/index.php?rest_route=\/wp\/v2\/pages\/44\/revisions"}],"predecessor-version":[{"id":748,"href":"https:\/\/heilsbronner-klosterpfeifen.de\/index.php?rest_route=\/wp\/v2\/pages\/44\/revisions\/748"}],"up":[{"embeddable":true,"href":"https:\/\/heilsbronner-klosterpfeifen.de\/index.php?rest_route=\/wp\/v2\/pages\/38"}],"wp:attachment":[{"href":"https:\/\/heilsbronner-klosterpfeifen.de\/index.php?rest_route=%2Fwp%2Fv2%2Fmedia&parent=44"}],"curies":[{"name":"wp","href":"https:\/\/api.w.org\/{rel}","templated":true}]}}